{"id":7,"date":"2015-08-05T15:17:29","date_gmt":"2015-08-05T13:17:29","guid":{"rendered":"https:\/\/www.gutachter-menzel.de\/wordpress\/?page_id=7"},"modified":"2015-08-17T12:19:06","modified_gmt":"2015-08-17T10:19:06","slug":"profil","status":"publish","type":"page","link":"https:\/\/www.gutachter-menzel.de\/?page_id=7","title":{"rendered":"Profil"},"content":{"rendered":"<h2>Profil<\/h2>\n<p>Torsten Menzel, \u00d6ffentlich bestellter und vereidigter Sachverst\u00e4ndiger f\u00fcr das Elektrotechnik-Handwerk.<\/p>\n<p>Bestellt durch die Handwerkskammer Halle \/ Saale.<\/p>\n<p>Meine Unabh\u00e4ngigkeit ist das oberste Gebot f\u00fcr die angebotenen Leistungen.<\/p>\n<p>Die Handwerkskammer bestellt und vereidigt auf Antrag gem\u00e4\u00df \u00a7 91 Abs. 1 Nr.\u00a08 und Abs. 4 der Handwerksordnung Sachverst\u00e4ndige zur Erstattung von Gutachten \u00fcber Waren, Leistungen und Preise.<\/p>\n<p>Der Titel &#8222;\u00d6ffentlich bestellter und vereidigter Sachverst\u00e4ndiger&#8220; ist gesetzlich gesch\u00fctzt.<\/p>\n<p>Die \u00f6ffentliche Bestellung hat den Zweck, Gerichten, Beh\u00f6rden und der \u00d6ffentlichkeit besonders sachkundige und pers\u00f6nlich geeignete Sachverst\u00e4ndige zur Verf\u00fcgung zu stellen.<\/p>\n","protected":false},"excerpt":{"rendered":"<p>Profil Torsten Menzel, \u00d6ffentlich bestellter und vereidigter Sachverst\u00e4ndiger f\u00fcr das Elektrotechnik-Handwerk. Bestellt durch die Handwerkskammer Halle \/ Saale. Meine Unabh\u00e4ngigkeit ist das oberste Gebot f\u00fcr die angebotenen Leistungen. Die Handwerkskammer bestellt und vereidigt auf Antrag gem\u00e4\u00df \u00a7 91 Abs. 1 Nr.\u00a08 und Abs. 4 der Handwerksordnung Sachverst\u00e4ndige zur Erstattung von Gutachten \u00fcber Waren, Leistungen und [&hellip;]<\/p>\n","protected":false},"author":1,"featured_media":0,"parent":0,"menu_order":0,"comment_status":"open","ping_status":"open","template":"","meta":{"footnotes":""},"_links":{"self":[{"href":"https:\/\/www.gutachter-menzel.de\/index.php?rest_route=\/wp\/v2\/pages\/7"}],"collection":[{"href":"https:\/\/www.gutachter-menzel.de\/index.php?rest_route=\/wp\/v2\/pages"}],"about":[{"href":"https:\/\/www.gutachter-menzel.de\/index.php?rest_route=\/wp\/v2\/types\/page"}],"author":[{"embeddable":true,"href":"https:\/\/www.gutachter-menzel.de\/index.php?rest_route=\/wp\/v2\/users\/1"}],"replies":[{"embeddable":true,"href":"https:\/\/www.gutachter-menzel.de\/index.php?rest_route=%2Fwp%2Fv2%2Fcomments&post=7"}],"version-history":[{"count":4,"href":"https:\/\/www.gutachter-menzel.de\/index.php?rest_route=\/wp\/v2\/pages\/7\/revisions"}],"predecessor-version":[{"id":61,"href":"https:\/\/www.gutachter-menzel.de\/index.php?rest_route=\/wp\/v2\/pages\/7\/revisions\/61"}],"wp:attachment":[{"href":"https:\/\/www.gutachter-menzel.de\/index.php?rest_route=%2Fwp%2Fv2%2Fmedia&parent=7"}],"curies":[{"name":"wp","href":"https:\/\/api.w.org\/{rel}","templated":true}]}}