{"id":5,"date":"2015-08-05T15:17:08","date_gmt":"2015-08-05T13:17:08","guid":{"rendered":"https:\/\/www.gutachter-menzel.de\/wordpress\/?page_id=5"},"modified":"2015-11-13T08:54:59","modified_gmt":"2015-11-13T07:54:59","slug":"leistungen","status":"publish","type":"page","link":"https:\/\/www.gutachter-menzel.de\/?page_id=5","title":{"rendered":"Leistungen"},"content":{"rendered":"<h2>Leistungen<\/h2>\n<ul>\n<li>Privatgutachten<\/li>\n<li>Gerichtsgutachten<\/li>\n<li>Schiedsgutachten<\/li>\n<li>Gutachten bei Blitz- und \u00dcberspannungssch\u00e4den<\/li>\n<\/ul>\n<p>Unabh\u00e4ngige \u00dcberpr\u00fcfungen:<\/p>\n<ul>\n<li>Elektrischer Anlagen<\/li>\n<li>ortsver\u00e4nderlicher elektrischer Betriebsmittel<\/li>\n<li>elektrische Maschinen<\/li>\n<li>ber\u00fchrungslos wirkende Schutzeinrichtungen<\/li>\n<li>Thermographie<\/li>\n<li>Blitzschutzanlagen<\/li>\n<li>Risikoanalysen Blitzschutz<\/li>\n<li>VdS Gutachten<\/li>\n<li>f\u00fcr EX-Bereiche<\/li>\n<\/ul>\n<p>Unabh\u00e4ngige Beratungsleistungen:<\/p>\n<ul>\n<li>Aufbau und Organisation f\u00fcr F\u00fchrungskr\u00e4fte in der Elektrotechnik<\/li>\n<\/ul>\n<p>&nbsp;<\/p>\n<p>Weitere Leistungen sind auf Anfrage m\u00f6glich.<\/p>\n","protected":false},"excerpt":{"rendered":"<p>Leistungen Privatgutachten Gerichtsgutachten Schiedsgutachten Gutachten bei Blitz- und \u00dcberspannungssch\u00e4den Unabh\u00e4ngige \u00dcberpr\u00fcfungen: Elektrischer Anlagen ortsver\u00e4nderlicher elektrischer Betriebsmittel elektrische Maschinen ber\u00fchrungslos wirkende Schutzeinrichtungen Thermographie Blitzschutzanlagen Risikoanalysen Blitzschutz VdS Gutachten f\u00fcr EX-Bereiche Unabh\u00e4ngige Beratungsleistungen: Aufbau und Organisation f\u00fcr F\u00fchrungskr\u00e4fte in der Elektrotechnik &nbsp; Weitere Leistungen sind auf Anfrage m\u00f6glich.<\/p>\n","protected":false},"author":1,"featured_media":0,"parent":0,"menu_order":0,"comment_status":"open","ping_status":"open","template":"","meta":{"footnotes":""},"_links":{"self":[{"href":"https:\/\/www.gutachter-menzel.de\/index.php?rest_route=\/wp\/v2\/pages\/5"}],"collection":[{"href":"https:\/\/www.gutachter-menzel.de\/index.php?rest_route=\/wp\/v2\/pages"}],"about":[{"href":"https:\/\/www.gutachter-menzel.de\/index.php?rest_route=\/wp\/v2\/types\/page"}],"author":[{"embeddable":true,"href":"https:\/\/www.gutachter-menzel.de\/index.php?rest_route=\/wp\/v2\/users\/1"}],"replies":[{"embeddable":true,"href":"https:\/\/www.gutachter-menzel.de\/index.php?rest_route=%2Fwp%2Fv2%2Fcomments&post=5"}],"version-history":[{"count":7,"href":"https:\/\/www.gutachter-menzel.de\/index.php?rest_route=\/wp\/v2\/pages\/5\/revisions"}],"predecessor-version":[{"id":66,"href":"https:\/\/www.gutachter-menzel.de\/index.php?rest_route=\/wp\/v2\/pages\/5\/revisions\/66"}],"wp:attachment":[{"href":"https:\/\/www.gutachter-menzel.de\/index.php?rest_route=%2Fwp%2Fv2%2Fmedia&parent=5"}],"curies":[{"name":"wp","href":"https:\/\/api.w.org\/{rel}","templated":true}]}}